{"id":12,"date":"2026-02-23T13:23:11","date_gmt":"2026-02-23T13:23:11","guid":{"rendered":"https:\/\/aretia.com.tr\/?page_id=12"},"modified":"2026-03-07T11:10:28","modified_gmt":"2026-03-07T11:10:28","slug":"urunlerimiz","status":"publish","type":"page","link":"https:\/\/aretia.com.tr\/?page_id=12","title":{"rendered":"\u00dcr\u00fcnlerimiz"},"content":{"rendered":"\n<div class=\"wp-block-group alignfull has-global-padding is-layout-constrained wp-block-group-is-layout-constrained\" style=\"margin-top:0;margin-bottom:0\">\n<div class=\"wp-block-columns alignfull is-layout-flex wp-container-core-columns-is-layout-9c22b1e3 wp-block-columns-is-layout-flex\">\n<div class=\"wp-block-column is-layout-flow wp-block-column-is-layout-flow\" style=\"flex-basis:55%\">\n<div style=\"aspect-ratio:1;min-height:unset;\" class=\"wp-block-cover is-light has-aspect-ratio\"><img loading=\"lazy\" decoding=\"async\" width=\"904\" height=\"1024\" class=\"wp-block-cover__image-background wp-image-60 size-full\" alt=\"\" src=\"https:\/\/aretia.com.tr\/wp-content\/uploads\/2026\/02\/1b7b9c24-77ce-4045-8f6f-a0bfc306a569.jpg\" data-object-fit=\"cover\" srcset=\"https:\/\/aretia.com.tr\/wp-content\/uploads\/2026\/02\/1b7b9c24-77ce-4045-8f6f-a0bfc306a569.jpg 904w, https:\/\/aretia.com.tr\/wp-content\/uploads\/2026\/02\/1b7b9c24-77ce-4045-8f6f-a0bfc306a569-265x300.jpg 265w, https:\/\/aretia.com.tr\/wp-content\/uploads\/2026\/02\/1b7b9c24-77ce-4045-8f6f-a0bfc306a569-768x870.jpg 768w\" sizes=\"auto, (max-width: 904px) 100vw, 904px\" \/><span aria-hidden=\"true\" class=\"wp-block-cover__background has-background-dim-0 has-background-dim\" style=\"background-color:#e0dede\"><\/span><div class=\"wp-block-cover__inner-container is-layout-flow wp-block-cover-is-layout-flow\">\n<div style=\"height:var(--wp--preset--spacing--20)\" aria-hidden=\"true\" class=\"wp-block-spacer\"><\/div>\n<\/div><\/div>\n<\/div>\n\n\n\n<div class=\"wp-block-column is-vertically-aligned-center is-layout-flow wp-block-column-is-layout-flow\" style=\"padding-top:var(--wp--preset--spacing--60);padding-right:var(--wp--preset--spacing--60);padding-bottom:var(--wp--preset--spacing--60);padding-left:var(--wp--preset--spacing--60)\">\n<h2 class=\"wp-block-heading has-xx-large-font-size\">\u00c7i\u00e7ek Bal\u0131<\/h2>\n\n\n\n<p>&#8220;Binlerce yayla \u00e7i\u00e7e\u011finin \u00f6z\u00fc, tek bir kavanozda. Do\u011fu Karadeniz\u2019in el de\u011fmemi\u015f floras\u0131ndan s\u00fcz\u00fclen bu alt\u0131n sar\u0131s\u0131 lezzet; do\u011fan\u0131n en saf, en d\u00fcr\u00fcst hediyesi. Katk\u0131s\u0131z, \u0131s\u0131l i\u015flem g\u00f6rmemi\u015f, sadece ar\u0131lar\u0131n f\u0131s\u0131ldad\u0131\u011f\u0131 haliyle.&#8221;<br><\/p>\n\n\n\n<div class=\"wp-block-buttons is-layout-flex wp-block-buttons-is-layout-flex\">\n<div class=\"wp-block-button\"><a class=\"wp-block-button__link wp-element-button\" href=\"https:\/\/www.trendyol.com\/\" target=\"_blank\" rel=\"noreferrer noopener\"><strong>Trendyol<\/strong><\/a><\/div>\n\n\n\n<div class=\"wp-block-button\"><a class=\"wp-block-button__link wp-element-button\" href=\"https:\/\/www.hepsiburada.com\/\" target=\"_blank\" rel=\"noreferrer noopener\"><strong>Hepsiburada<\/strong><\/a><\/div>\n\n\n\n<div class=\"wp-block-button\"><a class=\"wp-block-button__link wp-element-button\" href=\"https:\/\/www.n11.com\/\" target=\"_blank\" rel=\"noreferrer noopener\"><strong>N11<\/strong><\/a><\/div>\n<\/div>\n\n\n\n<p><br><br><br><br><br><\/p>\n<\/div>\n<\/div>\n<\/div>\n\n\n\n<div class=\"wp-block-group alignfull has-global-padding is-layout-constrained wp-block-group-is-layout-constrained\" style=\"margin-top:0;margin-bottom:0;padding-top:var(--wp--preset--spacing--50);padding-bottom:var(--wp--preset--spacing--50)\">\n<div class=\"wp-block-columns alignwide is-layout-flex wp-container-core-columns-is-layout-fa584acd wp-block-columns-is-layout-flex\">\n<div class=\"wp-block-column is-vertically-aligned-center is-layout-flow wp-block-column-is-layout-flow\">\n<h2 class=\"wp-block-heading has-xx-large-font-size\">Kestane Bal\u0131<\/h2>\n\n\n\n<p class=\"has-medium-font-size\">&#8220;Koyu amber rengi, yo\u011fun doku ve damakta iz b\u0131rakan o asil ac\u0131ms\u0131 tat\u2026 Do\u011fu Karadeniz\u2019in as\u0131rl\u0131k kestane ormanlar\u0131ndan sa\u011f\u0131lan bu \u00f6zel bal, do\u011fan\u0131n en sert ama en c\u00f6mert yan\u0131n\u0131 temsil ediyor. S\u0131n\u0131rl\u0131 miktarda, tamamen ham ve y\u00fcksek enzim de\u011ferleriyle.&#8221;<br><\/p>\n\n\n\n<div class=\"wp-block-buttons is-layout-flex wp-block-buttons-is-layout-flex\">\n<div class=\"wp-block-button\"><a class=\"wp-block-button__link wp-element-button\" href=\"https:\/\/www.trendyol.com\/\" target=\"_blank\" rel=\"noreferrer noopener\"><strong>Trendyol<\/strong><\/a><\/div>\n\n\n\n<div class=\"wp-block-button\"><a class=\"wp-block-button__link wp-element-button\" href=\"https:\/\/www.hepsiburada.com\/\" target=\"_blank\" rel=\"noreferrer noopener\"><strong>Hepsiburada<\/strong><\/a><\/div>\n\n\n\n<div class=\"wp-block-button\"><a class=\"wp-block-button__link wp-element-button\" href=\"https:\/\/www.n11.com\/\" target=\"_blank\" rel=\"noreferrer noopener\"><strong>N11<\/strong><\/a><\/div>\n<\/div>\n\n\n\n<p><\/p>\n\n\n\n<p><\/p>\n\n\n\n<p><\/p>\n\n\n\n<p class=\"has-medium-font-size\"><br><br><\/p>\n<\/div>\n\n\n\n<div class=\"wp-block-column is-vertically-aligned-center is-layout-flow wp-block-column-is-layout-flow\">\n<figure class=\"wp-block-image size-full\"><img loading=\"lazy\" decoding=\"async\" width=\"905\" height=\"1024\" src=\"https:\/\/aretia.com.tr\/wp-content\/uploads\/2026\/02\/unnamed-4.jpg\" alt=\"\" class=\"wp-image-63\" style=\"aspect-ratio:1;object-fit:cover\" srcset=\"https:\/\/aretia.com.tr\/wp-content\/uploads\/2026\/02\/unnamed-4.jpg 905w, https:\/\/aretia.com.tr\/wp-content\/uploads\/2026\/02\/unnamed-4-265x300.jpg 265w, https:\/\/aretia.com.tr\/wp-content\/uploads\/2026\/02\/unnamed-4-768x869.jpg 768w\" sizes=\"auto, (max-width: 905px) 100vw, 905px\" \/><\/figure>\n<\/div>\n<\/div>\n<\/div>\n\n\n\n<p><\/p>\n","protected":false},"excerpt":{"rendered":"<p>\u00c7i\u00e7ek Bal\u0131 &#8220;Binlerce yayla \u00e7i\u00e7e\u011finin \u00f6z\u00fc, tek bir kavanozda. Do\u011fu Karadeniz\u2019in el de\u011fmemi\u015f floras\u0131ndan s\u00fcz\u00fclen bu alt\u0131n sar\u0131s\u0131 lezzet; do\u011fan\u0131n en saf, en d\u00fcr\u00fcst hediyesi. Katk\u0131s\u0131z, \u0131s\u0131l i\u015flem g\u00f6rmemi\u015f, sadece ar\u0131lar\u0131n f\u0131s\u0131ldad\u0131\u011f\u0131 haliyle.&#8221; Kestane Bal\u0131 &#8220;Koyu amber rengi, yo\u011fun doku ve damakta iz b\u0131rakan o asil ac\u0131ms\u0131 tat\u2026 Do\u011fu Karadeniz\u2019in as\u0131rl\u0131k kestane ormanlar\u0131ndan sa\u011f\u0131lan bu [&hellip;]<\/p>\n","protected":false},"author":1,"featured_media":0,"parent":0,"menu_order":0,"comment_status":"closed","ping_status":"closed","template":"","meta":{"footnotes":""},"class_list":["post-12","page","type-page","status-publish","hentry"],"_links":{"self":[{"href":"https:\/\/aretia.com.tr\/index.php?rest_route=\/wp\/v2\/pages\/12","targetHints":{"allow":["GET"]}}],"collection":[{"href":"https:\/\/aretia.com.tr\/index.php?rest_route=\/wp\/v2\/pages"}],"about":[{"href":"https:\/\/aretia.com.tr\/index.php?rest_route=\/wp\/v2\/types\/page"}],"author":[{"embeddable":true,"href":"https:\/\/aretia.com.tr\/index.php?rest_route=\/wp\/v2\/users\/1"}],"replies":[{"embeddable":true,"href":"https:\/\/aretia.com.tr\/index.php?rest_route=%2Fwp%2Fv2%2Fcomments&post=12"}],"version-history":[{"count":20,"href":"https:\/\/aretia.com.tr\/index.php?rest_route=\/wp\/v2\/pages\/12\/revisions"}],"predecessor-version":[{"id":76,"href":"https:\/\/aretia.com.tr\/index.php?rest_route=\/wp\/v2\/pages\/12\/revisions\/76"}],"wp:attachment":[{"href":"https:\/\/aretia.com.tr\/index.php?rest_route=%2Fwp%2Fv2%2Fmedia&parent=12"}],"curies":[{"name":"wp","href":"https:\/\/api.w.org\/{rel}","templated":true}]}}