{"id":15,"date":"2026-02-23T13:23:23","date_gmt":"2026-02-23T13:23:23","guid":{"rendered":"https:\/\/aretia.com.tr\/?page_id=15"},"modified":"2026-02-24T10:42:23","modified_gmt":"2026-02-24T10:42:23","slug":"hikayemiz","status":"publish","type":"page","link":"https:\/\/aretia.com.tr\/?page_id=15","title":{"rendered":"Ar\u0131c\u0131l\u0131k ve Biz"},"content":{"rendered":"\n<div class=\"wp-block-group alignfull is-style-section-5 is-layout-flow wp-block-group-is-layout-flow is-style-section-5--1\" style=\"min-height:100vh;margin-top:0;margin-bottom:0;padding-top:var(--wp--preset--spacing--50);padding-right:var(--wp--preset--spacing--50);padding-bottom:var(--wp--preset--spacing--50);padding-left:var(--wp--preset--spacing--50)\">\n<div class=\"wp-block-columns alignfull is-layout-flex wp-container-core-columns-is-layout-47c06fe3 wp-block-columns-is-layout-flex\">\n<div class=\"wp-block-column is-layout-flow wp-block-column-is-layout-flow\">\n<div class=\"wp-block-cover is-light\" style=\"min-height:820px;aspect-ratio:unset;\"><img loading=\"lazy\" decoding=\"async\" width=\"1024\" height=\"1024\" class=\"wp-block-cover__image-background wp-image-42 size-full\" alt=\"\" src=\"https:\/\/aretia.com.tr\/wp-content\/uploads\/2026\/02\/unnamed-2-1.jpg\" data-object-fit=\"cover\" srcset=\"https:\/\/aretia.com.tr\/wp-content\/uploads\/2026\/02\/unnamed-2-1.jpg 1024w, https:\/\/aretia.com.tr\/wp-content\/uploads\/2026\/02\/unnamed-2-1-300x300.jpg 300w, https:\/\/aretia.com.tr\/wp-content\/uploads\/2026\/02\/unnamed-2-1-150x150.jpg 150w, https:\/\/aretia.com.tr\/wp-content\/uploads\/2026\/02\/unnamed-2-1-768x768.jpg 768w\" sizes=\"auto, (max-width: 1024px) 100vw, 1024px\" \/><span aria-hidden=\"true\" class=\"wp-block-cover__background has-background-dim-0 has-background-dim\" style=\"background-color:#818181\"><\/span><div class=\"wp-block-cover__inner-container is-layout-flow wp-block-cover-is-layout-flow\">\n<div style=\"height:var(--wp--preset--spacing--20)\" aria-hidden=\"true\" class=\"wp-block-spacer\"><\/div>\n<\/div><\/div>\n<\/div>\n\n\n\n<div class=\"wp-block-column is-layout-flow wp-block-column-is-layout-flow\">\n<p><\/p>\n\n\n\n<h2 class=\"wp-block-heading\"><strong>K\u00f6klerimiz<\/strong><\/h2>\n\n\n\n<p> Bundan onlarca y\u0131l \u00f6nce, babam\u0131z\u0131n ilk kovan\u0131n\u0131 yerle\u015ftirdi\u011fi o y\u00fcksek rak\u0131ml\u0131 yayla, bug\u00fcn Aretia\u2019n\u0131n ruhunu olu\u015fturuyor. O g\u00fcnlerde ne fabrikalar ne de seri \u00fcretim bantlar\u0131 vard\u0131; sadece elleri re\u00e7ine kokan bir adam, binlerce \u00e7al\u0131\u015fkan ar\u0131 ve el de\u011fmemi\u015f bir do\u011fa vard\u0131. Babam\u0131z bize tek bir \u015fey \u00f6\u011fretti: <em>&#8220;Ar\u0131ya sayg\u0131 duyarsan, o sana \u015fifas\u0131n\u0131 verir.&#8221;<\/em><\/p>\n\n\n\n<p><\/p>\n\n\n\n<h2 class=\"wp-block-heading\"><strong>Do\u011faya Sadakat<\/strong><\/h2>\n\n\n\n<p> Aretia ismi, i\u015fte bu sadakatten do\u011fdu. Biz ballar\u0131m\u0131z\u0131 hi\u00e7bir zaman &#8220;\u00fcretmedik&#8221;; biz onlar\u0131 do\u011fan\u0131n izin verdi\u011fi \u00f6l\u00e7\u00fcde, ar\u0131lar\u0131m\u0131zdan \u00f6d\u00fcn\u00e7 ald\u0131k. Kestane ormanlar\u0131n\u0131n sert ama asil kokusunu, yayla \u00e7i\u00e7eklerinin o zarif hafifli\u011fini hi\u00e7 bozmadan, oldu\u011fu gibi kavanozlara ta\u015f\u0131d\u0131k. Ne bir damla katk\u0131, ne de y\u00fcksek \u0131s\u0131l\u0131 i\u015flemler&#8230; Sadece babam\u0131zdan g\u00f6rd\u00fc\u011f\u00fcm\u00fcz o sab\u0131rl\u0131 bekleyi\u015f.<\/p>\n\n\n\n<p><\/p>\n\n\n\n<h2 class=\"wp-block-heading\"><strong>Bug\u00fcn ve Yar\u0131n<\/strong><\/h2>\n\n\n\n<p> \u015eimdi o eski kovanlar\u0131n yan\u0131na yenilerini eklerken, ayn\u0131 heyecan\u0131 ta\u015f\u0131yoruz. Modern d\u00fcnyan\u0131n h\u0131z\u0131na inat; biz hala yava\u015fl\u0131\u011f\u0131, do\u011fall\u0131\u011f\u0131 ve o ilk g\u00fcnk\u00fc d\u00fcr\u00fcstl\u00fc\u011f\u00fc savunuyoruz. Aretia, sadece bir bal markas\u0131 de\u011fil; bir ailenin topra\u011fa, \u00e7i\u00e7e\u011fe ve en \u00f6nemlisi eme\u011fe olan vefa borcudur.<\/p>\n<\/div>\n<\/div>\n<\/div>\n\n\n\n<p><\/p>\n","protected":false},"excerpt":{"rendered":"<p>K\u00f6klerimiz Bundan onlarca y\u0131l \u00f6nce, babam\u0131z\u0131n ilk kovan\u0131n\u0131 yerle\u015ftirdi\u011fi o y\u00fcksek rak\u0131ml\u0131 yayla, bug\u00fcn Aretia\u2019n\u0131n ruhunu olu\u015fturuyor. O g\u00fcnlerde ne fabrikalar ne de seri \u00fcretim bantlar\u0131 vard\u0131; sadece elleri re\u00e7ine kokan bir adam, binlerce \u00e7al\u0131\u015fkan ar\u0131 ve el de\u011fmemi\u015f bir do\u011fa vard\u0131. Babam\u0131z bize tek bir \u015fey \u00f6\u011fretti: &#8220;Ar\u0131ya sayg\u0131 duyarsan, o sana \u015fifas\u0131n\u0131 verir.&#8221; [&hellip;]<\/p>\n","protected":false},"author":1,"featured_media":0,"parent":0,"menu_order":0,"comment_status":"closed","ping_status":"closed","template":"","meta":{"footnotes":"[]"},"class_list":["post-15","page","type-page","status-publish","hentry"],"_links":{"self":[{"href":"https:\/\/aretia.com.tr\/index.php?rest_route=\/wp\/v2\/pages\/15","targetHints":{"allow":["GET"]}}],"collection":[{"href":"https:\/\/aretia.com.tr\/index.php?rest_route=\/wp\/v2\/pages"}],"about":[{"href":"https:\/\/aretia.com.tr\/index.php?rest_route=\/wp\/v2\/types\/page"}],"author":[{"embeddable":true,"href":"https:\/\/aretia.com.tr\/index.php?rest_route=\/wp\/v2\/users\/1"}],"replies":[{"embeddable":true,"href":"https:\/\/aretia.com.tr\/index.php?rest_route=%2Fwp%2Fv2%2Fcomments&post=15"}],"version-history":[{"count":8,"href":"https:\/\/aretia.com.tr\/index.php?rest_route=\/wp\/v2\/pages\/15\/revisions"}],"predecessor-version":[{"id":53,"href":"https:\/\/aretia.com.tr\/index.php?rest_route=\/wp\/v2\/pages\/15\/revisions\/53"}],"wp:attachment":[{"href":"https:\/\/aretia.com.tr\/index.php?rest_route=%2Fwp%2Fv2%2Fmedia&parent=15"}],"curies":[{"name":"wp","href":"https:\/\/api.w.org\/{rel}","templated":true}]}}